{"id":3,"date":"2016-12-08T09:40:08","date_gmt":"2016-12-08T09:40:08","guid":{"rendered":"http:\/\/art-dekor.com.pl\/?page_id=3"},"modified":"2017-03-01T11:12:50","modified_gmt":"2017-03-01T11:12:50","slug":"o-firmie","status":"publish","type":"page","link":"http:\/\/art-dekor.com.pl\/?page_id=3","title":{"rendered":"O firmie"},"content":{"rendered":"\t\t<div data-elementor-type=\"wp-page\" data-elementor-id=\"3\" class=\"elementor elementor-3 elementor-bc-flex-widget\" data-elementor-settings=\"[]\">\n\t\t\t<div class=\"elementor-inner\">\n\t\t\t\t<div class=\"elementor-section-wrap\">\n\t\t\t\t\t\t\t<section class=\"elementor-element elementor-element-xvb4rcb elementor-section-boxed elementor-section-height-default elementor-section-height-default elementor-section elementor-top-section\" data-id=\"xvb4rcb\" data-element_type=\"section\">\n\t\t\t\t\t\t<div class=\"elementor-container elementor-column-gap-default\">\n\t\t\t\t<div class=\"elementor-row\">\n\t\t\t\t<div class=\"elementor-element elementor-element-ih3ixgm elementor-column elementor-col-100 elementor-top-column\" data-id=\"ih3ixgm\" data-element_type=\"column\">\n\t\t\t<div class=\"elementor-column-wrap  elementor-element-populated\">\n\t\t\t\t\t<div class=\"elementor-widget-wrap\">\n\t\t\t\t<section class=\"elementor-element elementor-element-c5gqi4f elementor-section-boxed elementor-section-height-default elementor-section-height-default elementor-section elementor-inner-section\" data-id=\"c5gqi4f\" data-element_type=\"section\">\n\t\t\t\t\t\t<div class=\"elementor-container elementor-column-gap-default\">\n\t\t\t\t<div class=\"elementor-row\">\n\t\t\t\t<div class=\"elementor-element elementor-element-7ahpyt0 elementor-column elementor-col-50 elementor-inner-column\" data-id=\"7ahpyt0\" data-element_type=\"column\">\n\t\t\t<div class=\"elementor-column-wrap  elementor-element-populated\">\n\t\t\t\t\t<div class=\"elementor-widget-wrap\">\n\t\t\t\t<div class=\"elementor-element elementor-element-nfcvjzk elementor-widget elementor-widget-text-editor\" data-id=\"nfcvjzk\" data-element_type=\"widget\" data-widget_type=\"text-editor.default\">\n\t\t\t\t<div class=\"elementor-widget-container\">\n\t\t\t\t\t<div class=\"elementor-text-editor elementor-clearfix\"><p style=\"text-align: justify;\">Nasza firma zajmuje si\u0119 wyrobami dekoracyjnymi z gipsu i cementu od 2003 roku. Stawiamy na ci\u0105g\u0142y rozw\u00f3j\u00a0naszej firmy\u00a0oraz poszerzanie asortymentu, aby trafi\u0107 w Pa\u0144stwa potrzeby.Wszystkie nasze produkty tworzone s\u0105 z najlepszej jako\u015bci materia\u0142\u00f3w dzi\u0119ki czemu mo\u017cemy zapewni\u0107 Pa\u0144stwu produkty najwy\u017cszej jako\u015bci przy zachowaniu konkurencyjnych cen. Nasze produkty takie jak panele 3D, beton architektoniczny\u00a0czy p\u0142ytki dekoracyjne(gipsowe) \u00a0to doskona\u0142e rozwi\u0105zanie do nowoczesnego wn\u0119trza. Dzi\u0119ki zastosowaniu naszych paneli 3D zapewnisz nie tuzinkowy wygl\u0105d swoich pomieszcze\u0144. W ofercie mamy r\u00f3wnie\u017c p\u0142ytki elewacyjne (cementowe)\u00a0przeznaczone na \u015bciany zewn\u0119trzne budynk\u00f3w, ale r\u00f3wnie dobrze prezentuj\u0105 si\u0119 wewn\u0105trz. \u00a0Prowadzimy sprzeda\u017c zar\u00f3wno detaliczn\u0105, jak i hurtow\u0105. Zapraszamy zainteresowane firmy do wsp\u00f3\u0142pracy!.<\/p><\/div>\n\t\t\t\t<\/div>\n\t\t\t\t<\/div>\n\t\t\t\t\t\t<\/div>\n\t\t\t<\/div>\n\t\t<\/div>\n\t\t\t\t<div class=\"elementor-element elementor-element-svzjdba elementor-column elementor-col-50 elementor-inner-column\" data-id=\"svzjdba\" data-element_type=\"column\">\n\t\t\t<div class=\"elementor-column-wrap  elementor-element-populated\">\n\t\t\t\t\t<div class=\"elementor-widget-wrap\">\n\t\t\t\t<div class=\"elementor-element elementor-element-5beqavp elementor-widget elementor-widget-image\" data-id=\"5beqavp\" data-element_type=\"widget\" data-widget_type=\"image.default\">\n\t\t\t\t<div class=\"elementor-widget-container\">\n\t\t\t\t\t<div class=\"elementor-image\">\n\t\t\t\t\t\t\t\t\t\t<img width=\"640\" height=\"426\" src=\"http:\/\/art-dekor.com.pl\/wp-content\/uploads\/2017\/01\/small_deko_31-1024x682.jpg\" class=\"attachment-large size-large\" alt=\"\" decoding=\"async\" loading=\"lazy\" srcset=\"http:\/\/art-dekor.com.pl\/wp-content\/uploads\/2017\/01\/small_deko_31-1024x682.jpg 1024w, http:\/\/art-dekor.com.pl\/wp-content\/uploads\/2017\/01\/small_deko_31-300x200.jpg 300w, http:\/\/art-dekor.com.pl\/wp-content\/uploads\/2017\/01\/small_deko_31-768x511.jpg 768w, http:\/\/art-dekor.com.pl\/wp-content\/uploads\/2017\/01\/small_deko_31-272x182.jpg 272w, http:\/\/art-dekor.com.pl\/wp-content\/uploads\/2017\/01\/small_deko_31.jpg 1600w\" sizes=\"(max-width: 640px) 100vw, 640px\" \/>\t\t\t\t\t\t\t\t\t\t\t<\/div>\n\t\t\t\t<\/div>\n\t\t\t\t<\/div>\n\t\t\t\t\t\t<\/div>\n\t\t\t<\/div>\n\t\t<\/div>\n\t\t\t\t\t\t<\/div>\n\t\t\t<\/div>\n\t\t<\/section>\n\t\t\t\t\t\t<\/div>\n\t\t\t<\/div>\n\t\t<\/div>\n\t\t\t\t\t\t<\/div>\n\t\t\t<\/div>\n\t\t<\/section>\n\t\t\t\t\t\t<\/div>\n\t\t\t<\/div>\n\t\t<\/div>\n\t\t","protected":false},"excerpt":{"rendered":"<p>Nasza firma zajmuje si\u0119 wyrobami dekoracyjnymi z gipsu i cementu od 2003 roku. Stawiamy na ci\u0105g\u0142y rozw\u00f3j\u00a0naszej firmy\u00a0oraz poszerzanie asortymentu, aby trafi\u0107 w Pa\u0144stwa potrzeby.Wszystkie nasze produkty tworzone s\u0105 z najlepszej jako\u015bci materia\u0142\u00f3w dzi\u0119ki czemu mo\u017cemy zapewni\u0107 Pa\u0144stwu produkty najwy\u017cszej jako\u015bci przy zachowaniu konkurencyjnych cen. Nasze produkty takie jak panele 3D, beton architektoniczny\u00a0czy p\u0142ytki dekoracyjne(gipsowe) [&hellip;]<\/p>\n","protected":false},"author":1,"featured_media":94,"parent":0,"menu_order":0,"comment_status":"closed","ping_status":"closed","template":"","meta":[],"_links":{"self":[{"href":"http:\/\/art-dekor.com.pl\/index.php?rest_route=\/wp\/v2\/pages\/3"}],"collection":[{"href":"http:\/\/art-dekor.com.pl\/index.php?rest_route=\/wp\/v2\/pages"}],"about":[{"href":"http:\/\/art-dekor.com.pl\/index.php?rest_route=\/wp\/v2\/types\/page"}],"author":[{"embeddable":true,"href":"http:\/\/art-dekor.com.pl\/index.php?rest_route=\/wp\/v2\/users\/1"}],"replies":[{"embeddable":true,"href":"http:\/\/art-dekor.com.pl\/index.php?rest_route=%2Fwp%2Fv2%2Fcomments&post=3"}],"version-history":[{"count":10,"href":"http:\/\/art-dekor.com.pl\/index.php?rest_route=\/wp\/v2\/pages\/3\/revisions"}],"predecessor-version":[{"id":277,"href":"http:\/\/art-dekor.com.pl\/index.php?rest_route=\/wp\/v2\/pages\/3\/revisions\/277"}],"wp:featuredmedia":[{"embeddable":true,"href":"http:\/\/art-dekor.com.pl\/index.php?rest_route=\/wp\/v2\/media\/94"}],"wp:attachment":[{"href":"http:\/\/art-dekor.com.pl\/index.php?rest_route=%2Fwp%2Fv2%2Fmedia&parent=3"}],"curies":[{"name":"wp","href":"https:\/\/api.w.org\/{rel}","templated":true}]}}