{"id":284,"date":"2017-03-01T14:44:07","date_gmt":"2017-03-01T14:44:07","guid":{"rendered":"http:\/\/art-dekor.com.pl\/?page_id=284"},"modified":"2020-04-13T17:12:05","modified_gmt":"2020-04-13T17:12:05","slug":"beton-architektoniczny","status":"publish","type":"page","link":"http:\/\/art-dekor.com.pl\/?page_id=284","title":{"rendered":"Beton architektoniczny"},"content":{"rendered":"<p><span style=\"color: #000000; font-size: 12pt;\">P\u0142yty jakie oferuj\u0119, wykonane s\u0105 z betonu architektonicznego, s\u0105 w 100% mrozoodporne i bez problemu nadaj\u0105 si\u0119 na zewn\u0119trzn\u0105 elewacj\u0119.<\/span><\/p>\n<p><span style=\"color: #000000; font-size: 12pt;\">Wszystkie materia\u0142y, jakie s\u0105 u\u017cywane w produkcji posiadaj\u0105 odpowiednie atesty i certyfikaty w zwi\u0105zku z czym nasze produkty s\u0105 nie szkodliwe dla zdrowia i mo\u017cna je bez problemu montowa\u0107 wewn\u0105trz pomieszcze\u0144.<\/span><\/p>\n<p><span style=\"color: #000000; font-size: 12pt;\">Pomieszczenia wyk\u0142adane p\u0142ytami z betonu architektonicznego nadaj\u0105 niepowtarzalny, nowoczesny styl.<\/span><\/p>\n<p><span style=\"color: #000000; font-size: 12pt;\">Produkujemy dekoracje pod dany wymiar co do milimetra.<\/span><\/p>\n<p>P\u0142yty produkowane pod wymiar maj\u0105 to do siebie, \u017ce nie trzeba ich docina\u0107, ka\u017cda p\u0142yta ma tak\u0105 sam\u0105 wielko\u015b\u0107, (lub r\u00f3\u017cn\u0105 w zale\u017cno\u015bci od wymaga\u0144 klienta) nie ma odpadu co jednocze\u015bnie wi\u0105\u017ce si\u0119 z oszcz\u0119dno\u015bci\u0105.<\/p>\n<p>Wymiary standardowe w ci\u0105g\u0142ej sprzeda\u017cy to:\u00a0100 x 50, 100 x 60, 120 x 60, 30 x 60.<\/p>\n<p><a href=\"http:\/\/art-dekor.com.pl\/wp-content\/uploads\/2020\/04\/PART_1578907609197.jpeg\" data-rel=\"lightbox-image-0\" data-rl_title=\"\" data-rl_caption=\"\" title=\"\"><img decoding=\"async\" loading=\"lazy\" class=\"alignnone  wp-image-380\" src=\"http:\/\/art-dekor.com.pl\/wp-content\/uploads\/2020\/04\/PART_1578907609197-225x300.jpeg\" alt=\"q\" width=\"511\" height=\"682\" srcset=\"http:\/\/art-dekor.com.pl\/wp-content\/uploads\/2020\/04\/PART_1578907609197-225x300.jpeg 225w, http:\/\/art-dekor.com.pl\/wp-content\/uploads\/2020\/04\/PART_1578907609197.jpeg 706w\" sizes=\"(max-width: 511px) 100vw, 511px\" \/><\/a><\/p>\n<p>Beton architektoniczny w standardowych kolorach jak wy\u017cej<\/p>\n<figure id=\"attachment_353\" aria-describedby=\"caption-attachment-353\" style=\"width: 3522px\" class=\"wp-caption aligncenter\"><a href=\"http:\/\/art-dekor.com.pl\/wp-content\/uploads\/2017\/03\/IMG_20190225_141003.jpg\" data-rel=\"lightbox-image-1\" data-rl_title=\"\" data-rl_caption=\"\" title=\"\"><img decoding=\"async\" loading=\"lazy\" class=\"wp-image-353 size-full\" src=\"http:\/\/art-dekor.com.pl\/wp-content\/uploads\/2017\/03\/IMG_20190225_141003.jpg\" alt=\"\" width=\"3522\" height=\"2035\" srcset=\"http:\/\/art-dekor.com.pl\/wp-content\/uploads\/2017\/03\/IMG_20190225_141003.jpg 3522w, http:\/\/art-dekor.com.pl\/wp-content\/uploads\/2017\/03\/IMG_20190225_141003-300x173.jpg 300w, http:\/\/art-dekor.com.pl\/wp-content\/uploads\/2017\/03\/IMG_20190225_141003-768x444.jpg 768w, http:\/\/art-dekor.com.pl\/wp-content\/uploads\/2017\/03\/IMG_20190225_141003-1024x592.jpg 1024w\" sizes=\"(max-width: 3522px) 100vw, 3522px\" \/><\/a><figcaption id=\"caption-attachment-353\" class=\"wp-caption-text\"><span style=\"font-size: 12pt;\">Nowo\u015b\u0107 Beton architektoniczny w wyj\u0105tkowych kolorach SREBRNY, Z\u0141OTY, MIEDZIANY<\/span><\/figcaption><\/figure>\n<p><a href=\"http:\/\/art-dekor.com.pl\/wp-content\/uploads\/2017\/03\/DSC01092.jpg\" data-rel=\"lightbox-image-2\" data-rl_title=\"\" data-rl_caption=\"\" title=\"\"><img decoding=\"async\" loading=\"lazy\" class=\"alignnone wp-image-362 size-full\" src=\"http:\/\/art-dekor.com.pl\/wp-content\/uploads\/2017\/03\/DSC01092.jpg\" alt=\"\" width=\"4054\" height=\"1910\" srcset=\"http:\/\/art-dekor.com.pl\/wp-content\/uploads\/2017\/03\/DSC01092.jpg 4054w, http:\/\/art-dekor.com.pl\/wp-content\/uploads\/2017\/03\/DSC01092-300x141.jpg 300w, http:\/\/art-dekor.com.pl\/wp-content\/uploads\/2017\/03\/DSC01092-768x362.jpg 768w, http:\/\/art-dekor.com.pl\/wp-content\/uploads\/2017\/03\/DSC01092-1024x482.jpg 1024w\" sizes=\"(max-width: 4054px) 100vw, 4054px\" \/><\/a><\/p>\n<p><a href=\"http:\/\/art-dekor.com.pl\/wp-content\/uploads\/2017\/03\/DSC01088.jpg\" data-rel=\"lightbox-image-3\" data-rl_title=\"\" data-rl_caption=\"\" title=\"\"><img decoding=\"async\" loading=\"lazy\" class=\"alignnone  wp-image-361\" src=\"http:\/\/art-dekor.com.pl\/wp-content\/uploads\/2017\/03\/DSC01088-300x169.jpg\" alt=\"\" width=\"320\" height=\"180\" srcset=\"http:\/\/art-dekor.com.pl\/wp-content\/uploads\/2017\/03\/DSC01088-300x169.jpg 300w, http:\/\/art-dekor.com.pl\/wp-content\/uploads\/2017\/03\/DSC01088-768x432.jpg 768w, http:\/\/art-dekor.com.pl\/wp-content\/uploads\/2017\/03\/DSC01088-1024x575.jpg 1024w\" sizes=\"(max-width: 320px) 100vw, 320px\" \/><\/a>\u00a0 \u00a0\u00a0\u00a0<a href=\"http:\/\/art-dekor.com.pl\/wp-content\/uploads\/2017\/03\/DSC01083-e1551134104799.jpg\" data-rel=\"lightbox-image-4\" data-rl_title=\"\" data-rl_caption=\"\" title=\"\"><img decoding=\"async\" loading=\"lazy\" class=\"alignnone wp-image-360 \" src=\"http:\/\/art-dekor.com.pl\/wp-content\/uploads\/2017\/03\/DSC01083-e1551134104799-300x146.jpg\" alt=\"\" width=\"366\" height=\"177\" srcset=\"http:\/\/art-dekor.com.pl\/wp-content\/uploads\/2017\/03\/DSC01083-e1551134104799-300x146.jpg 300w, http:\/\/art-dekor.com.pl\/wp-content\/uploads\/2017\/03\/DSC01083-e1551134104799-768x374.jpg 768w, http:\/\/art-dekor.com.pl\/wp-content\/uploads\/2017\/03\/DSC01083-e1551134104799-1024x498.jpg 1024w, http:\/\/art-dekor.com.pl\/wp-content\/uploads\/2017\/03\/DSC01083-e1551134104799-700x340.jpg 700w\" sizes=\"(max-width: 366px) 100vw, 366px\" \/><\/a><\/p>\n<p><span style=\"font-size: 12pt;\">Beton architektoniczny w kolorze STAREGO ZNISZCZONEGO BETONU<\/span><\/p>\n","protected":false},"excerpt":{"rendered":"<p>P\u0142yty jakie oferuj\u0119, wykonane s\u0105 z betonu architektonicznego, s\u0105 w 100% mrozoodporne i bez problemu nadaj\u0105 si\u0119 na zewn\u0119trzn\u0105 elewacj\u0119. Wszystkie materia\u0142y, jakie s\u0105 u\u017cywane w produkcji posiadaj\u0105 odpowiednie atesty i certyfikaty w zwi\u0105zku z czym nasze produkty s\u0105 nie szkodliwe dla zdrowia i mo\u017cna je bez problemu montowa\u0107 wewn\u0105trz pomieszcze\u0144. Pomieszczenia wyk\u0142adane p\u0142ytami z [&hellip;]<\/p>\n","protected":false},"author":1,"featured_media":0,"parent":7,"menu_order":0,"comment_status":"closed","ping_status":"closed","template":"","meta":[],"_links":{"self":[{"href":"http:\/\/art-dekor.com.pl\/index.php?rest_route=\/wp\/v2\/pages\/284"}],"collection":[{"href":"http:\/\/art-dekor.com.pl\/index.php?rest_route=\/wp\/v2\/pages"}],"about":[{"href":"http:\/\/art-dekor.com.pl\/index.php?rest_route=\/wp\/v2\/types\/page"}],"author":[{"embeddable":true,"href":"http:\/\/art-dekor.com.pl\/index.php?rest_route=\/wp\/v2\/users\/1"}],"replies":[{"embeddable":true,"href":"http:\/\/art-dekor.com.pl\/index.php?rest_route=%2Fwp%2Fv2%2Fcomments&post=284"}],"version-history":[{"count":13,"href":"http:\/\/art-dekor.com.pl\/index.php?rest_route=\/wp\/v2\/pages\/284\/revisions"}],"predecessor-version":[{"id":381,"href":"http:\/\/art-dekor.com.pl\/index.php?rest_route=\/wp\/v2\/pages\/284\/revisions\/381"}],"up":[{"embeddable":true,"href":"http:\/\/art-dekor.com.pl\/index.php?rest_route=\/wp\/v2\/pages\/7"}],"wp:attachment":[{"href":"http:\/\/art-dekor.com.pl\/index.php?rest_route=%2Fwp%2Fv2%2Fmedia&parent=284"}],"curies":[{"name":"wp","href":"https:\/\/api.w.org\/{rel}","templated":true}]}}