{"id":282,"date":"2017-03-01T14:43:53","date_gmt":"2017-03-01T14:43:53","guid":{"rendered":"http:\/\/art-dekor.com.pl\/?page_id=282"},"modified":"2020-02-02T06:55:58","modified_gmt":"2020-02-02T06:55:58","slug":"panele-3d","status":"publish","type":"page","link":"http:\/\/art-dekor.com.pl\/?page_id=282","title":{"rendered":"Panele 3D"},"content":{"rendered":"<p>Panele 3D to nowoczesny design, \u015bciany dekorowane panelami nadaj\u0105 im niepowtarzalny przestrzenny wystr\u00f3j<\/p>\n<p>Panele wykonane s\u0105 z wysokiej jako\u015bci mieszanki gips\u00f3w twarde, mocne i dodatkowo wzmacniane mikrozbrojeniem. Jak najbardziej nadaj\u0105 si\u0119 do nowoczesnej dekoracji \u015bcian wewn\u0119trznych pomieszcze\u0144. Po u\u0142o\u017ceniu paneli, zagipsowaniu i przytarciu \u0142\u0105cze\u0144, ca\u0142a \u015bciana ma wyj\u0105tkowy, jednolity wz\u00f3r 3D.<\/p>\n<p>Montuje si\u0119 je na klej gipsowy lub klej bia\u0142y do p\u0142ytek i do kamienia. Nale\u017cy pami\u0119ta\u0107 o zagruntowaniu panela przed na\u0142o\u017ceniem na niego kleju, jak i r\u00f3wnie\u017c zagruntowaniu \u015bciany. \u0141\u0105czenia mo\u017cna uzupe\u0142nia\u0107 g\u0142adzi\u0105 lub akrylem szpachlowym. Przed malowaniem nale\u017cy pami\u0119ta\u0107 o zagruntowaniu paneli. Panele gipsowe cz\u0119\u015bciowo docieplaj\u0105 i wyg\u0142uszaj\u0105 pomieszczenie<\/p>\n<div id='gallery-1' class='gallery galleryid-282 gallery-columns-4 gallery-size-large'><figure class='gallery-item'>\n\t\t\t<div class='gallery-icon portrait'>\n\t\t\t\t<a href='http:\/\/art-dekor.com.pl\/wp-content\/uploads\/2017\/03\/small_deko_12.jpg' title=\"\" data-rl_title=\"\" class=\"rl-gallery-link\" data-rl_caption=\"\" data-rel=\"lightbox-gallery-1\"><img width=\"640\" height=\"961\" src=\"http:\/\/art-dekor.com.pl\/wp-content\/uploads\/2017\/03\/small_deko_12-682x1024.jpg\" class=\"attachment-large size-large\" alt=\"\" decoding=\"async\" loading=\"lazy\" aria-describedby=\"gallery-1-241\" srcset=\"http:\/\/art-dekor.com.pl\/wp-content\/uploads\/2017\/03\/small_deko_12-682x1024.jpg 682w, http:\/\/art-dekor.com.pl\/wp-content\/uploads\/2017\/03\/small_deko_12-200x300.jpg 200w, http:\/\/art-dekor.com.pl\/wp-content\/uploads\/2017\/03\/small_deko_12-768x1154.jpg 768w, http:\/\/art-dekor.com.pl\/wp-content\/uploads\/2017\/03\/small_deko_12.jpg 1065w\" sizes=\"(max-width: 640px) 100vw, 640px\" \/><\/a>\n\t\t\t<\/div>\n\t\t\t\t<figcaption class='wp-caption-text gallery-caption' id='gallery-1-241'>\n\t\t\t\tpanel 3D 50&#215;50 wz\u00f3r GNIECIUCH\n\t\t\t\t<\/figcaption><\/figure><figure class='gallery-item'>\n\t\t\t<div class='gallery-icon portrait'>\n\t\t\t\t<a href='http:\/\/art-dekor.com.pl\/wp-content\/uploads\/2017\/03\/small_deko_13.jpg' title=\"\" data-rl_title=\"\" class=\"rl-gallery-link\" data-rl_caption=\"\" data-rel=\"lightbox-gallery-1\"><img width=\"640\" height=\"961\" src=\"http:\/\/art-dekor.com.pl\/wp-content\/uploads\/2017\/03\/small_deko_13-682x1024.jpg\" class=\"attachment-large size-large\" alt=\"\" decoding=\"async\" loading=\"lazy\" srcset=\"http:\/\/art-dekor.com.pl\/wp-content\/uploads\/2017\/03\/small_deko_13-682x1024.jpg 682w, http:\/\/art-dekor.com.pl\/wp-content\/uploads\/2017\/03\/small_deko_13-200x300.jpg 200w, http:\/\/art-dekor.com.pl\/wp-content\/uploads\/2017\/03\/small_deko_13-768x1154.jpg 768w, http:\/\/art-dekor.com.pl\/wp-content\/uploads\/2017\/03\/small_deko_13.jpg 1065w\" sizes=\"(max-width: 640px) 100vw, 640px\" \/><\/a>\n\t\t\t<\/div><\/figure><figure class='gallery-item'>\n\t\t\t<div class='gallery-icon portrait'>\n\t\t\t\t<a href='http:\/\/art-dekor.com.pl\/wp-content\/uploads\/2017\/03\/small_deko_3.jpg' title=\"\" data-rl_title=\"\" class=\"rl-gallery-link\" data-rl_caption=\"\" data-rel=\"lightbox-gallery-1\"><img width=\"640\" height=\"961\" src=\"http:\/\/art-dekor.com.pl\/wp-content\/uploads\/2017\/03\/small_deko_3-682x1024.jpg\" class=\"attachment-large size-large\" alt=\"\" decoding=\"async\" loading=\"lazy\" aria-describedby=\"gallery-1-232\" srcset=\"http:\/\/art-dekor.com.pl\/wp-content\/uploads\/2017\/03\/small_deko_3-682x1024.jpg 682w, http:\/\/art-dekor.com.pl\/wp-content\/uploads\/2017\/03\/small_deko_3-200x300.jpg 200w, http:\/\/art-dekor.com.pl\/wp-content\/uploads\/2017\/03\/small_deko_3-768x1154.jpg 768w, http:\/\/art-dekor.com.pl\/wp-content\/uploads\/2017\/03\/small_deko_3.jpg 1065w\" sizes=\"(max-width: 640px) 100vw, 640px\" \/><\/a>\n\t\t\t<\/div>\n\t\t\t\t<figcaption class='wp-caption-text gallery-caption' id='gallery-1-232'>\n\t\t\t\tpanel 3D 50&#215;50 wz\u00f3r ECLIPSE\n\t\t\t\t<\/figcaption><\/figure><figure class='gallery-item'>\n\t\t\t<div class='gallery-icon portrait'>\n\t\t\t\t<a href='http:\/\/art-dekor.com.pl\/wp-content\/uploads\/2017\/03\/small_deko_4.jpg' title=\"\" data-rl_title=\"\" class=\"rl-gallery-link\" data-rl_caption=\"\" data-rel=\"lightbox-gallery-1\"><img width=\"640\" height=\"961\" src=\"http:\/\/art-dekor.com.pl\/wp-content\/uploads\/2017\/03\/small_deko_4-682x1024.jpg\" class=\"attachment-large size-large\" alt=\"\" decoding=\"async\" loading=\"lazy\" srcset=\"http:\/\/art-dekor.com.pl\/wp-content\/uploads\/2017\/03\/small_deko_4-682x1024.jpg 682w, http:\/\/art-dekor.com.pl\/wp-content\/uploads\/2017\/03\/small_deko_4-200x300.jpg 200w, http:\/\/art-dekor.com.pl\/wp-content\/uploads\/2017\/03\/small_deko_4-768x1154.jpg 768w, http:\/\/art-dekor.com.pl\/wp-content\/uploads\/2017\/03\/small_deko_4.jpg 1065w\" sizes=\"(max-width: 640px) 100vw, 640px\" \/><\/a>\n\t\t\t<\/div><\/figure><figure class='gallery-item'>\n\t\t\t<div class='gallery-icon landscape'>\n\t\t\t\t<a href='http:\/\/art-dekor.com.pl\/wp-content\/uploads\/2017\/03\/small_deko_10.jpg' title=\"\" data-rl_title=\"\" class=\"rl-gallery-link\" data-rl_caption=\"\" data-rel=\"lightbox-gallery-1\"><img width=\"640\" height=\"564\" src=\"http:\/\/art-dekor.com.pl\/wp-content\/uploads\/2017\/03\/small_deko_10-1024x902.jpg\" class=\"attachment-large size-large\" alt=\"\" decoding=\"async\" loading=\"lazy\" aria-describedby=\"gallery-1-239\" srcset=\"http:\/\/art-dekor.com.pl\/wp-content\/uploads\/2017\/03\/small_deko_10-1024x902.jpg 1024w, http:\/\/art-dekor.com.pl\/wp-content\/uploads\/2017\/03\/small_deko_10-300x264.jpg 300w, http:\/\/art-dekor.com.pl\/wp-content\/uploads\/2017\/03\/small_deko_10-768x677.jpg 768w, http:\/\/art-dekor.com.pl\/wp-content\/uploads\/2017\/03\/small_deko_10.jpg 1600w\" sizes=\"(max-width: 640px) 100vw, 640px\" \/><\/a>\n\t\t\t<\/div>\n\t\t\t\t<figcaption class='wp-caption-text gallery-caption' id='gallery-1-239'>\n\t\t\t\tpanel 3D ok 60&#215;65 wz\u00f3r \u0141USKA\n\t\t\t\t<\/figcaption><\/figure><figure class='gallery-item'>\n\t\t\t<div class='gallery-icon portrait'>\n\t\t\t\t<a href='http:\/\/art-dekor.com.pl\/wp-content\/uploads\/2017\/03\/small_deko_11.jpg' title=\"\" data-rl_title=\"\" class=\"rl-gallery-link\" data-rl_caption=\"\" data-rel=\"lightbox-gallery-1\"><img width=\"640\" height=\"961\" src=\"http:\/\/art-dekor.com.pl\/wp-content\/uploads\/2017\/03\/small_deko_11-682x1024.jpg\" class=\"attachment-large size-large\" alt=\"\" decoding=\"async\" loading=\"lazy\" srcset=\"http:\/\/art-dekor.com.pl\/wp-content\/uploads\/2017\/03\/small_deko_11-682x1024.jpg 682w, http:\/\/art-dekor.com.pl\/wp-content\/uploads\/2017\/03\/small_deko_11-200x300.jpg 200w, http:\/\/art-dekor.com.pl\/wp-content\/uploads\/2017\/03\/small_deko_11-768x1154.jpg 768w, http:\/\/art-dekor.com.pl\/wp-content\/uploads\/2017\/03\/small_deko_11.jpg 1065w\" sizes=\"(max-width: 640px) 100vw, 640px\" \/><\/a>\n\t\t\t<\/div><\/figure><figure class='gallery-item'>\n\t\t\t<div class='gallery-icon portrait'>\n\t\t\t\t<a href='http:\/\/art-dekor.com.pl\/wp-content\/uploads\/2017\/03\/small_deko_8.jpg' title=\"\" data-rl_title=\"\" class=\"rl-gallery-link\" data-rl_caption=\"\" data-rel=\"lightbox-gallery-1\"><img width=\"640\" height=\"961\" src=\"http:\/\/art-dekor.com.pl\/wp-content\/uploads\/2017\/03\/small_deko_8-682x1024.jpg\" class=\"attachment-large size-large\" alt=\"\" decoding=\"async\" loading=\"lazy\" aria-describedby=\"gallery-1-237\" srcset=\"http:\/\/art-dekor.com.pl\/wp-content\/uploads\/2017\/03\/small_deko_8-682x1024.jpg 682w, http:\/\/art-dekor.com.pl\/wp-content\/uploads\/2017\/03\/small_deko_8-200x300.jpg 200w, http:\/\/art-dekor.com.pl\/wp-content\/uploads\/2017\/03\/small_deko_8-768x1154.jpg 768w, http:\/\/art-dekor.com.pl\/wp-content\/uploads\/2017\/03\/small_deko_8.jpg 1065w\" sizes=\"(max-width: 640px) 100vw, 640px\" \/><\/a>\n\t\t\t<\/div>\n\t\t\t\t<figcaption class='wp-caption-text gallery-caption' id='gallery-1-237'>\n\t\t\t\tpanel 3D 37&#215;37 wz\u00f3r TAB\n\t\t\t\t<\/figcaption><\/figure><figure class='gallery-item'>\n\t\t\t<div class='gallery-icon landscape'>\n\t\t\t\t<a href='http:\/\/art-dekor.com.pl\/wp-content\/uploads\/2017\/03\/small_deko_9.jpg' title=\"\" data-rl_title=\"\" class=\"rl-gallery-link\" data-rl_caption=\"\" data-rel=\"lightbox-gallery-1\"><img width=\"640\" height=\"640\" src=\"http:\/\/art-dekor.com.pl\/wp-content\/uploads\/2017\/03\/small_deko_9-1024x1024.jpg\" class=\"attachment-large size-large\" alt=\"\" decoding=\"async\" loading=\"lazy\" srcset=\"http:\/\/art-dekor.com.pl\/wp-content\/uploads\/2017\/03\/small_deko_9-1024x1024.jpg 1024w, http:\/\/art-dekor.com.pl\/wp-content\/uploads\/2017\/03\/small_deko_9-150x150.jpg 150w, http:\/\/art-dekor.com.pl\/wp-content\/uploads\/2017\/03\/small_deko_9-300x300.jpg 300w, http:\/\/art-dekor.com.pl\/wp-content\/uploads\/2017\/03\/small_deko_9-768x768.jpg 768w, http:\/\/art-dekor.com.pl\/wp-content\/uploads\/2017\/03\/small_deko_9-400x400.jpg 400w, http:\/\/art-dekor.com.pl\/wp-content\/uploads\/2017\/03\/small_deko_9-100x100.jpg 100w, http:\/\/art-dekor.com.pl\/wp-content\/uploads\/2017\/03\/small_deko_9-640x640.jpg 640w, http:\/\/art-dekor.com.pl\/wp-content\/uploads\/2017\/03\/small_deko_9.jpg 1600w\" sizes=\"(max-width: 640px) 100vw, 640px\" \/><\/a>\n\t\t\t<\/div><\/figure><figure class='gallery-item'>\n\t\t\t<div class='gallery-icon portrait'>\n\t\t\t\t<a href='http:\/\/art-dekor.com.pl\/wp-content\/uploads\/2017\/03\/small_deko_1.jpg' title=\"\" data-rl_title=\"\" class=\"rl-gallery-link\" data-rl_caption=\"\" data-rel=\"lightbox-gallery-1\"><img width=\"640\" height=\"961\" src=\"http:\/\/art-dekor.com.pl\/wp-content\/uploads\/2017\/03\/small_deko_1-682x1024.jpg\" class=\"attachment-large size-large\" alt=\"\" decoding=\"async\" loading=\"lazy\" aria-describedby=\"gallery-1-230\" srcset=\"http:\/\/art-dekor.com.pl\/wp-content\/uploads\/2017\/03\/small_deko_1-682x1024.jpg 682w, http:\/\/art-dekor.com.pl\/wp-content\/uploads\/2017\/03\/small_deko_1-200x300.jpg 200w, http:\/\/art-dekor.com.pl\/wp-content\/uploads\/2017\/03\/small_deko_1-768x1154.jpg 768w, http:\/\/art-dekor.com.pl\/wp-content\/uploads\/2017\/03\/small_deko_1.jpg 1065w\" sizes=\"(max-width: 640px) 100vw, 640px\" \/><\/a>\n\t\t\t<\/div>\n\t\t\t\t<figcaption class='wp-caption-text gallery-caption' id='gallery-1-230'>\n\t\t\t\tpanel 3D 60&#215;60 wz\u00f3r FALA\n\t\t\t\t<\/figcaption><\/figure><figure class='gallery-item'>\n\t\t\t<div class='gallery-icon portrait'>\n\t\t\t\t<a href='http:\/\/art-dekor.com.pl\/wp-content\/uploads\/2017\/03\/small_deko_2.jpg' title=\"\" data-rl_title=\"\" class=\"rl-gallery-link\" data-rl_caption=\"\" data-rel=\"lightbox-gallery-1\"><img width=\"640\" height=\"961\" src=\"http:\/\/art-dekor.com.pl\/wp-content\/uploads\/2017\/03\/small_deko_2-682x1024.jpg\" class=\"attachment-large size-large\" alt=\"\" decoding=\"async\" loading=\"lazy\" srcset=\"http:\/\/art-dekor.com.pl\/wp-content\/uploads\/2017\/03\/small_deko_2-682x1024.jpg 682w, http:\/\/art-dekor.com.pl\/wp-content\/uploads\/2017\/03\/small_deko_2-200x300.jpg 200w, http:\/\/art-dekor.com.pl\/wp-content\/uploads\/2017\/03\/small_deko_2-768x1154.jpg 768w, http:\/\/art-dekor.com.pl\/wp-content\/uploads\/2017\/03\/small_deko_2.jpg 1065w\" sizes=\"(max-width: 640px) 100vw, 640px\" \/><\/a>\n\t\t\t<\/div><\/figure><figure class='gallery-item'>\n\t\t\t<div class='gallery-icon landscape'>\n\t\t\t\t<a href='http:\/\/art-dekor.com.pl\/wp-content\/uploads\/2017\/03\/small_deko_5.jpg' title=\"\" data-rl_title=\"\" class=\"rl-gallery-link\" data-rl_caption=\"\" data-rel=\"lightbox-gallery-1\"><img width=\"640\" height=\"426\" src=\"http:\/\/art-dekor.com.pl\/wp-content\/uploads\/2017\/03\/small_deko_5-1024x682.jpg\" class=\"attachment-large size-large\" alt=\"\" decoding=\"async\" loading=\"lazy\" aria-describedby=\"gallery-1-234\" srcset=\"http:\/\/art-dekor.com.pl\/wp-content\/uploads\/2017\/03\/small_deko_5-1024x682.jpg 1024w, http:\/\/art-dekor.com.pl\/wp-content\/uploads\/2017\/03\/small_deko_5-300x200.jpg 300w, http:\/\/art-dekor.com.pl\/wp-content\/uploads\/2017\/03\/small_deko_5-768x511.jpg 768w, http:\/\/art-dekor.com.pl\/wp-content\/uploads\/2017\/03\/small_deko_5-272x182.jpg 272w, http:\/\/art-dekor.com.pl\/wp-content\/uploads\/2017\/03\/small_deko_5.jpg 1600w\" sizes=\"(max-width: 640px) 100vw, 640px\" \/><\/a>\n\t\t\t<\/div>\n\t\t\t\t<figcaption class='wp-caption-text gallery-caption' id='gallery-1-234'>\n\t\t\t\tpanel 3D 30&#215;30 (1) wz\u00f3r RUBICA\n\t\t\t\t<\/figcaption><\/figure><figure class='gallery-item'>\n\t\t\t<div class='gallery-icon portrait'>\n\t\t\t\t<a href='http:\/\/art-dekor.com.pl\/wp-content\/uploads\/2017\/03\/small_deko_6-e1488359189178.jpg' title=\"\" data-rl_title=\"\" class=\"rl-gallery-link\" data-rl_caption=\"\" data-rel=\"lightbox-gallery-1\"><img width=\"640\" height=\"961\" src=\"http:\/\/art-dekor.com.pl\/wp-content\/uploads\/2017\/03\/small_deko_6-e1488359189178-682x1024.jpg\" class=\"attachment-large size-large\" alt=\"\" decoding=\"async\" loading=\"lazy\" aria-describedby=\"gallery-1-235\" srcset=\"http:\/\/art-dekor.com.pl\/wp-content\/uploads\/2017\/03\/small_deko_6-e1488359189178-682x1024.jpg 682w, http:\/\/art-dekor.com.pl\/wp-content\/uploads\/2017\/03\/small_deko_6-e1488359189178-200x300.jpg 200w, http:\/\/art-dekor.com.pl\/wp-content\/uploads\/2017\/03\/small_deko_6-e1488359189178-768x1154.jpg 768w, http:\/\/art-dekor.com.pl\/wp-content\/uploads\/2017\/03\/small_deko_6-e1488359189178.jpg 1065w\" sizes=\"(max-width: 640px) 100vw, 640px\" \/><\/a>\n\t\t\t<\/div>\n\t\t\t\t<figcaption class='wp-caption-text gallery-caption' id='gallery-1-235'>\n\t\t\t\tpanel 3D 30&#215;30 (2) wz\u00f3r RUBICA\n\t\t\t\t<\/figcaption><\/figure><figure class='gallery-item'>\n\t\t\t<div class='gallery-icon portrait'>\n\t\t\t\t<a href='http:\/\/art-dekor.com.pl\/wp-content\/uploads\/2017\/03\/small_deko_7.jpg' title=\"\" data-rl_title=\"\" class=\"rl-gallery-link\" data-rl_caption=\"\" data-rel=\"lightbox-gallery-1\"><img width=\"640\" height=\"641\" src=\"http:\/\/art-dekor.com.pl\/wp-content\/uploads\/2017\/03\/small_deko_7-1022x1024.jpg\" class=\"attachment-large size-large\" alt=\"\" decoding=\"async\" loading=\"lazy\" srcset=\"http:\/\/art-dekor.com.pl\/wp-content\/uploads\/2017\/03\/small_deko_7-1022x1024.jpg 1022w, http:\/\/art-dekor.com.pl\/wp-content\/uploads\/2017\/03\/small_deko_7-150x150.jpg 150w, http:\/\/art-dekor.com.pl\/wp-content\/uploads\/2017\/03\/small_deko_7-300x300.jpg 300w, http:\/\/art-dekor.com.pl\/wp-content\/uploads\/2017\/03\/small_deko_7-768x769.jpg 768w, http:\/\/art-dekor.com.pl\/wp-content\/uploads\/2017\/03\/small_deko_7-400x400.jpg 400w, http:\/\/art-dekor.com.pl\/wp-content\/uploads\/2017\/03\/small_deko_7-100x100.jpg 100w, http:\/\/art-dekor.com.pl\/wp-content\/uploads\/2017\/03\/small_deko_7-640x640.jpg 640w, http:\/\/art-dekor.com.pl\/wp-content\/uploads\/2017\/03\/small_deko_7.jpg 1597w\" sizes=\"(max-width: 640px) 100vw, 640px\" \/><\/a>\n\t\t\t<\/div><\/figure><figure class='gallery-item'>\n\t\t\t<div class='gallery-icon portrait'>\n\t\t\t\t<a href='http:\/\/art-dekor.com.pl\/wp-content\/uploads\/2017\/03\/small_deko_14.jpg' title=\"\" data-rl_title=\"\" class=\"rl-gallery-link\" data-rl_caption=\"\" data-rel=\"lightbox-gallery-1\"><img width=\"640\" height=\"961\" src=\"http:\/\/art-dekor.com.pl\/wp-content\/uploads\/2017\/03\/small_deko_14-682x1024.jpg\" class=\"attachment-large size-large\" alt=\"\" decoding=\"async\" loading=\"lazy\" aria-describedby=\"gallery-1-243\" srcset=\"http:\/\/art-dekor.com.pl\/wp-content\/uploads\/2017\/03\/small_deko_14-682x1024.jpg 682w, http:\/\/art-dekor.com.pl\/wp-content\/uploads\/2017\/03\/small_deko_14-200x300.jpg 200w, http:\/\/art-dekor.com.pl\/wp-content\/uploads\/2017\/03\/small_deko_14-768x1154.jpg 768w, http:\/\/art-dekor.com.pl\/wp-content\/uploads\/2017\/03\/small_deko_14.jpg 1065w\" sizes=\"(max-width: 640px) 100vw, 640px\" \/><\/a>\n\t\t\t<\/div>\n\t\t\t\t<figcaption class='wp-caption-text gallery-caption' id='gallery-1-243'>\n\t\t\t\tpanel 3D 100&#215;60 wz\u00f3r drzewo egzotyczne\n\t\t\t\t<\/figcaption><\/figure><figure class='gallery-item'>\n\t\t\t<div class='gallery-icon portrait'>\n\t\t\t\t<a href='http:\/\/art-dekor.com.pl\/wp-content\/uploads\/2017\/03\/small_deko_15.jpg' title=\"\" data-rl_title=\"\" class=\"rl-gallery-link\" data-rl_caption=\"\" data-rel=\"lightbox-gallery-1\"><img width=\"640\" height=\"961\" src=\"http:\/\/art-dekor.com.pl\/wp-content\/uploads\/2017\/03\/small_deko_15-682x1024.jpg\" class=\"attachment-large size-large\" alt=\"\" decoding=\"async\" loading=\"lazy\" srcset=\"http:\/\/art-dekor.com.pl\/wp-content\/uploads\/2017\/03\/small_deko_15-682x1024.jpg 682w, http:\/\/art-dekor.com.pl\/wp-content\/uploads\/2017\/03\/small_deko_15-200x300.jpg 200w, http:\/\/art-dekor.com.pl\/wp-content\/uploads\/2017\/03\/small_deko_15-768x1154.jpg 768w, http:\/\/art-dekor.com.pl\/wp-content\/uploads\/2017\/03\/small_deko_15.jpg 1065w\" sizes=\"(max-width: 640px) 100vw, 640px\" \/><\/a>\n\t\t\t<\/div><\/figure><figure class='gallery-item'>\n\t\t\t<div class='gallery-icon landscape'>\n\t\t\t\t<a href='http:\/\/art-dekor.com.pl\/wp-content\/uploads\/2017\/03\/DSC01338.jpg' title=\"\" data-rl_title=\"\" class=\"rl-gallery-link\" data-rl_caption=\"\" data-rel=\"lightbox-gallery-1\"><img width=\"640\" height=\"397\" src=\"http:\/\/art-dekor.com.pl\/wp-content\/uploads\/2017\/03\/DSC01338-1024x635.jpg\" class=\"attachment-large size-large\" alt=\"\" decoding=\"async\" loading=\"lazy\" aria-describedby=\"gallery-1-343\" srcset=\"http:\/\/art-dekor.com.pl\/wp-content\/uploads\/2017\/03\/DSC01338-1024x635.jpg 1024w, http:\/\/art-dekor.com.pl\/wp-content\/uploads\/2017\/03\/DSC01338-300x186.jpg 300w, http:\/\/art-dekor.com.pl\/wp-content\/uploads\/2017\/03\/DSC01338-768x476.jpg 768w\" sizes=\"(max-width: 640px) 100vw, 640px\" \/><\/a>\n\t\t\t<\/div>\n\t\t\t\t<figcaption class='wp-caption-text gallery-caption' id='gallery-1-343'>\n\t\t\t\tp\u0142yty 3d 100&#215;60 Brylant\n\t\t\t\t<\/figcaption><\/figure><figure class='gallery-item'>\n\t\t\t<div class='gallery-icon landscape'>\n\t\t\t\t<a href='http:\/\/art-dekor.com.pl\/wp-content\/uploads\/2017\/03\/DSC01315.jpg' title=\"\" data-rl_title=\"\" class=\"rl-gallery-link\" data-rl_caption=\"\" data-rel=\"lightbox-gallery-1\"><img width=\"640\" height=\"303\" src=\"http:\/\/art-dekor.com.pl\/wp-content\/uploads\/2017\/03\/DSC01315-1024x485.jpg\" class=\"attachment-large size-large\" alt=\"\" decoding=\"async\" loading=\"lazy\" srcset=\"http:\/\/art-dekor.com.pl\/wp-content\/uploads\/2017\/03\/DSC01315-1024x485.jpg 1024w, http:\/\/art-dekor.com.pl\/wp-content\/uploads\/2017\/03\/DSC01315-300x142.jpg 300w, http:\/\/art-dekor.com.pl\/wp-content\/uploads\/2017\/03\/DSC01315-768x364.jpg 768w\" sizes=\"(max-width: 640px) 100vw, 640px\" \/><\/a>\n\t\t\t<\/div><\/figure>\n\t\t<\/div>\n\n","protected":false},"excerpt":{"rendered":"<p>Panele 3D to nowoczesny design, \u015bciany dekorowane panelami nadaj\u0105 im niepowtarzalny przestrzenny wystr\u00f3j Panele wykonane s\u0105 z wysokiej jako\u015bci mieszanki gips\u00f3w twarde, mocne i dodatkowo wzmacniane mikrozbrojeniem. Jak najbardziej nadaj\u0105 si\u0119 do nowoczesnej dekoracji \u015bcian wewn\u0119trznych pomieszcze\u0144. Po u\u0142o\u017ceniu paneli, zagipsowaniu i przytarciu \u0142\u0105cze\u0144, ca\u0142a \u015bciana ma wyj\u0105tkowy, jednolity wz\u00f3r 3D. Montuje si\u0119 je na [&hellip;]<\/p>\n","protected":false},"author":1,"featured_media":0,"parent":7,"menu_order":0,"comment_status":"closed","ping_status":"closed","template":"","meta":[],"_links":{"self":[{"href":"http:\/\/art-dekor.com.pl\/index.php?rest_route=\/wp\/v2\/pages\/282"}],"collection":[{"href":"http:\/\/art-dekor.com.pl\/index.php?rest_route=\/wp\/v2\/pages"}],"about":[{"href":"http:\/\/art-dekor.com.pl\/index.php?rest_route=\/wp\/v2\/types\/page"}],"author":[{"embeddable":true,"href":"http:\/\/art-dekor.com.pl\/index.php?rest_route=\/wp\/v2\/users\/1"}],"replies":[{"embeddable":true,"href":"http:\/\/art-dekor.com.pl\/index.php?rest_route=%2Fwp%2Fv2%2Fcomments&post=282"}],"version-history":[{"count":7,"href":"http:\/\/art-dekor.com.pl\/index.php?rest_route=\/wp\/v2\/pages\/282\/revisions"}],"predecessor-version":[{"id":370,"href":"http:\/\/art-dekor.com.pl\/index.php?rest_route=\/wp\/v2\/pages\/282\/revisions\/370"}],"up":[{"embeddable":true,"href":"http:\/\/art-dekor.com.pl\/index.php?rest_route=\/wp\/v2\/pages\/7"}],"wp:attachment":[{"href":"http:\/\/art-dekor.com.pl\/index.php?rest_route=%2Fwp%2Fv2%2Fmedia&parent=282"}],"curies":[{"name":"wp","href":"https:\/\/api.w.org\/{rel}","templated":true}]}}